{"id":60,"date":"2019-07-04T08:22:19","date_gmt":"2019-07-04T08:22:19","guid":{"rendered":"https:\/\/nagos.es\/?page_id=60"},"modified":"2026-02-03T12:27:24","modified_gmt":"2026-02-03T12:27:24","slug":"home","status":"publish","type":"page","link":"https:\/\/nagos.es\/en\/","title":{"rendered":"Home"},"content":{"rendered":"<div data-elementor-type=\"wp-post\" data-elementor-id=\"60\" class=\"elementor elementor-60\" data-elementor-post-type=\"page\">\n\t\t\t\t\t\t<section class=\"elementor-section elementor-top-section elementor-element elementor-element-1f278a7 elementor-section-boxed elementor-section-height-default elementor-section-height-default sc_fly_static\" data-id=\"1f278a7\" data-element_type=\"section\" data-e-type=\"section\">\n\t\t\t\t\t\t<div class=\"elementor-container elementor-column-gap-extended\">\n\t\t\t\t\t<div class=\"elementor-column elementor-col-100 elementor-top-column elementor-element elementor-element-9df08f3 sc_content_align_inherit sc_layouts_column_icons_position_left sc_fly_static\" data-id=\"9df08f3\" data-element_type=\"column\" data-e-type=\"column\">\n\t\t\t<div class=\"elementor-widget-wrap elementor-element-populated\">\n\t\t\t\t\t\t<div class=\"elementor-element elementor-element-1baa322 sc_fly_static elementor-widget elementor-widget-shortcode\" data-id=\"1baa322\" data-element_type=\"widget\" data-e-type=\"widget\" data-widget_type=\"shortcode.default\">\n\t\t\t\t<div class=\"elementor-widget-container\">\n\t\t\t\t\t\t\t<div class=\"elementor-shortcode\">\n\t\t\t\t<p class=\"rs-p-wp-fix\"><\/p>\n\t\t\t\t<sr7-module data-alias=\"home-1\" data-id=\"1\" id=\"SR7_1_1\" class=\"rs-ov-hidden\" data-version=\"6.7.40\">\n\t\t\t\t\t<sr7-adjuster><\/sr7-adjuster>\n\t\t\t\t\t<sr7-content>\n\t\t\t\t\t\t<sr7-slide id=\"SR7_1_1-1\" data-key=\"1\">\n\t\t\t\t\t\t\t<sr7-bg id=\"SR7_1_1-1-6\" class=\"sr7-layer\"><noscript><img decoding=\"async\" src=\"https:\/\/nagos.es\/wp-content\/uploads\/revslider\/home-1\/slider-1-copyright1.jpg\" alt=\"\" title=\"slider-1-copyright1.jpg\"><\/noscript><\/sr7-bg>\n\t\t\t\t\t\t\t<sr7-txt id=\"SR7_1_1-1-0\" class=\"sr7-layer\">Nagos Pub<\/sr7-txt>\n\t\t\t\t\t\t\t<sr7-txt id=\"SR7_1_1-1-1\" class=\"sr7-layer\">Pub<\/sr7-txt>\n\t\t\t\t\t\t\t<sr7-txt id=\"SR7_1_1-1-2\" class=\"sr7-layer\">Bar<\/sr7-txt>\n\t\t\t\t\t\t<\/sr7-slide>\n\t\t\t\t\t\t<sr7-slide id=\"SR7_1_1-7\" data-key=\"7\">\n\t\t\t\t\t\t<\/sr7-slide>\n\t\t\t\t\t<\/sr7-content>\n\t\t\t\t\t<image_lists style=\"display:none\">\n\t\t\t\t\t\t<img data-src=\"\/\/nagos.es\/wp-content\/uploads\/revslider\/home-1\/Glass-copyright1.png\" data-libid=\"3376\" data-lib=\"medialibrary\" title=\"Glass-copyright1.png\" width=\"0\" height=\"0\" data-dbsrc=\"Ly9uYWdvcy5lcy93cC1jb250ZW50L3VwbG9hZHMvcmV2c2xpZGVyL2hvbWUtMS9HbGFzcy1jb3B5cmlnaHQxLnBuZw==\"\/>\n\t\t\t\t\t\t<img data-src=\"\/\/nagos.es\/wp-content\/uploads\/revslider\/home-1\/slider-1-copyright1.jpg\" data-libid=\"3375\" data-lib=\"medialibrary\" title=\"slider-1-copyright1.jpg\" width=\"0\" height=\"0\" data-dbsrc=\"Ly9uYWdvcy5lcy93cC1jb250ZW50L3VwbG9hZHMvcmV2c2xpZGVyL2hvbWUtMS9zbGlkZXItMS1jb3B5cmlnaHQxLmpwZw==\"\/>\n\t\t\t\t\t<\/image_lists>\n\t\t\t\t<\/sr7-module>\n\t\t\t\t<script>\n\t\t\t\t\tSR7.PMH ??={}; SR7.PMH[\"SR7_1_1\"] = {cn:100,state:false,fn: function() { if (_tpt!==undefined && _tpt.prepareModuleHeight !== undefined) {  _tpt.prepareModuleHeight({id:\"SR7_1_1\",el:[805,805,805,780,620],type:'standard',shdw:'0',gh:[805,805,805,780,620],gw:[1340,1340,1340,778,480],vpt:['-200px&#039;,&#039;-200px&#039;,&#039;-200px&#039;,&#039;-200px&#039;,&#039;-200px'],size:{fullWidth:true, fullHeight:false},mh:'0',onh:0,onw:0,bg:{color:'{\"orig\":\"transparent\",\"type\":\"solid\",\"string\":\"transparent\"}'},plType:'8',plColor:'#908678'});   SR7.PMH[\"SR7_1_1\"].state=true;} else if(SR7.PMH[\"SR7_1_1\"].cn-->0)\tsetTimeout( SR7.PMH[\"SR7_1_1\"].fn,19);}};SR7.PMH[\"SR7_1_1\" ].fn();\n\t\t\t\t<\/script>\n<\/div>\n\t\t\t\t\t\t<\/div>\n\t\t\t\t<\/div>\n\t\t\t\t\t<\/div>\n\t\t<\/div>\n\t\t\t\t\t<\/div>\n\t\t<\/section>\n\t\t\t\t<section class=\"elementor-section elementor-top-section elementor-element elementor-element-18da3949 elementor-section-boxed elementor-section-height-default elementor-section-height-default sc_fly_static\" data-id=\"18da3949\" data-element_type=\"section\" data-e-type=\"section\">\n\t\t\t\t\t\t<div class=\"elementor-container elementor-column-gap-extended\">\n\t\t\t\t\t<div class=\"elementor-column elementor-col-100 elementor-top-column elementor-element elementor-element-36d782fc sc_content_align_inherit sc_layouts_column_icons_position_left sc_fly_static\" data-id=\"36d782fc\" data-element_type=\"column\" data-e-type=\"column\">\n\t\t\t<div class=\"elementor-widget-wrap elementor-element-populated\">\n\t\t\t\t\t\t<div class=\"elementor-element elementor-element-61104e87 sc_height_large sc_fly_static elementor-widget elementor-widget-spacer\" data-id=\"61104e87\" data-element_type=\"widget\" data-e-type=\"widget\" data-widget_type=\"spacer.default\">\n\t\t\t\t<div class=\"elementor-widget-container\">\n\t\t\t\t\t\t\t<div class=\"elementor-spacer\">\n\t\t\t<div class=\"elementor-spacer-inner\"><\/div>\n\t\t<\/div>\n\t\t\t\t\t\t<\/div>\n\t\t\t\t<\/div>\n\t\t\t\t\t<\/div>\n\t\t<\/div>\n\t\t\t\t\t<\/div>\n\t\t<\/section>\n\t\t\t\t<section class=\"elementor-section elementor-top-section elementor-element elementor-element-8ef6ebd elementor-section-boxed elementor-section-height-default elementor-section-height-default sc_fly_static\" data-id=\"8ef6ebd\" data-element_type=\"section\" data-e-type=\"section\">\n\t\t\t\t\t\t<div class=\"elementor-container elementor-column-gap-extended\">\n\t\t\t\t\t<div class=\"elementor-column elementor-col-100 elementor-top-column elementor-element elementor-element-14f274d7 sc_content_align_inherit sc_layouts_column_icons_position_left sc_fly_static\" data-id=\"14f274d7\" data-element_type=\"column\" data-e-type=\"column\">\n\t\t\t<div class=\"elementor-widget-wrap elementor-element-populated\">\n\t\t\t\t\t\t<div data-animation-type=\"sequental\" data-animation-stagger=\"\" class=\"elementor-element elementor-element-52940ce7 animation_type_sequental sc_fly_static elementor-invisible elementor-widget elementor-widget-trx_sc_title\" data-id=\"52940ce7\" data-element_type=\"widget\" data-e-type=\"widget\" data-settings=\"{&quot;_animation&quot;:&quot;pubzinne-fadeinup&quot;,&quot;_animation_delay&quot;:200}\" data-widget_type=\"trx_sc_title.default\">\n\t\t\t\t<div class=\"elementor-widget-container\">\n\t\t\t\t\t<div\t\tclass=\"sc_title sc_title_icon\"><h1 class=\"sc_item_title sc_title_title sc_align_center sc_item_title_style_icon sc_item_title_tag\"\n\t\t\t><span class=\"sc_item_title_text\">THE TASTE OF THE NIGHT IN THE HEART OF CIEZA<\/span><\/h1><div class=\"sc_item_descr sc_title_descr sc_align_center\"><p>Here you&#039;ll find a mix of good music, well-served drinks, and a desire to have a good time.<br \/>\nA space to disconnect, share and let the night flow.<br \/>\nBecause the best stories always begin around a drink.<\/p>\n<\/div><\/div>\t\t\t\t<\/div>\n\t\t\t\t<\/div>\n\t\t\t\t<div class=\"elementor-element elementor-element-6387e1b7 sc_fly_static elementor-widget elementor-widget-spacer\" data-id=\"6387e1b7\" data-element_type=\"widget\" data-e-type=\"widget\" data-widget_type=\"spacer.default\">\n\t\t\t\t<div class=\"elementor-widget-container\">\n\t\t\t\t\t\t\t<div class=\"elementor-spacer\">\n\t\t\t<div class=\"elementor-spacer-inner\"><\/div>\n\t\t<\/div>\n\t\t\t\t\t\t<\/div>\n\t\t\t\t<\/div>\n\t\t\t\t\t<\/div>\n\t\t<\/div>\n\t\t\t\t\t<\/div>\n\t\t<\/section>\n\t\t\t\t<section class=\"elementor-section elementor-top-section elementor-element elementor-element-1ff42453 elementor-section-stretched elementor-section-full_width elementor-section-height-default elementor-section-height-default sc_fly_static\" data-id=\"1ff42453\" data-element_type=\"section\" data-e-type=\"section\" data-settings=\"{&quot;stretch_section&quot;:&quot;section-stretched&quot;}\">\n\t\t\t\t\t\t<div class=\"elementor-container elementor-column-gap-extended\">\n\t\t\t\t\t<div class=\"elementor-column elementor-col-100 elementor-top-column elementor-element elementor-element-56b24e8f sc_content_align_inherit sc_layouts_column_icons_position_left sc_fly_static\" data-id=\"56b24e8f\" data-element_type=\"column\" data-e-type=\"column\">\n\t\t\t<div class=\"elementor-widget-wrap elementor-element-populated\">\n\t\t\t\t\t\t<div class=\"elementor-element elementor-element-1daf31ca sc_fly_static elementor-widget elementor-widget-trx_sc_services\" data-id=\"1daf31ca\" data-element_type=\"widget\" data-e-type=\"widget\" data-widget_type=\"trx_sc_services.default\">\n\t\t\t\t<div class=\"elementor-widget-container\">\n\t\t\t\t\t<div class=\"sc_services sc_services_light sc_services_featured_top\"><div class=\"sc_services_columns_wrap sc_item_columns sc_item_posts_container sc_item_columns_5 trx_addons_columns_wrap columns_padding_bottom columns_in_single_row\"><div class=\"trx_addons_column-1_5 trx_addons_column-1_3-tablet trx_addons_column-1_1-mobile\"><div data-post-id=\"318\" class=\"sc_services_item sc_item_container post_container no_links with_content with_icon sc_services_item_featured_top post-318 cpt_services type-cpt_services status-publish has-post-thumbnail hentry cpt_services_group-all-services cpt_services_group-deportes-en-vivo\">\n\t<span id=\"sc_services_427822516_icon-soccer-game_1\"\n\t\t\t\t class=\"sc_services_item_icon sc_icon_type_icons icon-soccer-game\">\n            <span class=\"service_extra_subtitle\">\n            Dev\n            <\/span>\n            <\/span>\t\n\t<div class=\"sc_services_item_info\">\n\t\t\t\t<div class=\"sc_services_item_header\">\t\t\t<h6 class=\"sc_services_item_title entry-title\">Live Sports<\/h6><\/div><div class=\"sc_services_item_content\"><p>Enjoy watching live sporting events in a pleasant atmosphere with a good beer.<\/p>\n<\/div><\/div>\n\t<\/div><\/div><div class=\"trx_addons_column-1_5 trx_addons_column-1_3-tablet trx_addons_column-1_1-mobile\"><div data-post-id=\"321\" class=\"sc_services_item sc_item_container post_container no_links with_content with_icon sc_services_item_featured_top post-321 cpt_services type-cpt_services status-publish has-post-thumbnail hentry cpt_services_group-all-services cpt_services_group-dardos cpt_services_group-team\">\n\t<span id=\"sc_services_1441831635_icon-dart_2\"\n\t\t\t\t class=\"sc_services_item_icon sc_icon_type_icons icon-dart\">\n            <span class=\"service_extra_subtitle\">\n            D\n            <\/span>\n            <\/span>\t\n\t<div class=\"sc_services_item_info\">\n\t\t\t\t<div class=\"sc_services_item_header\">\t\t\t<h6 class=\"sc_services_item_title entry-title\">Darts<\/h6><\/div><div class=\"sc_services_item_content\"><p>Join our darts competitions among the bravest regulars at the pub.<\/p>\n<\/div><\/div>\n\t<\/div><\/div><div class=\"trx_addons_column-1_5 trx_addons_column-1_3-tablet trx_addons_column-1_1-mobile\"><div data-post-id=\"324\" class=\"sc_services_item sc_item_container post_container no_links with_content with_icon sc_services_item_featured_top post-324 cpt_services type-cpt_services status-publish has-post-thumbnail hentry cpt_services_group-all-services cpt_services_group-musica-en-directo cpt_services_group-team\">\n\t<span id=\"sc_services_479377775_icon-disco-ball_3\"\n\t\t\t\t class=\"sc_services_item_icon sc_icon_type_icons icon-disco-ball\">\n            <span class=\"service_extra_subtitle\">\n            Mev\n            <\/span>\n            <\/span>\t\n\t<div class=\"sc_services_item_info\">\n\t\t\t\t<div class=\"sc_services_item_header\">\t\t\t<h6 class=\"sc_services_item_title entry-title\">Live music<\/h6><\/div><div class=\"sc_services_item_content\"><p>Lots of beer, friends, good music and fun with the best rock bands in Cieza.<\/p>\n<\/div><\/div>\n\t<\/div><\/div><div class=\"trx_addons_column-1_5 trx_addons_column-1_3-tablet trx_addons_column-1_1-mobile\"><div data-post-id=\"329\" class=\"sc_services_item sc_item_container post_container no_links with_content with_icon sc_services_item_featured_top post-329 cpt_services type-cpt_services status-publish has-post-thumbnail hentry cpt_services_group-all-services cpt_services_group-futbolin\">\n\t<span id=\"sc_services_539817256_icon-football_4\"\n\t\t\t\t class=\"sc_services_item_icon sc_icon_type_icons icon-football\">\n            <span class=\"service_extra_subtitle\">\n            F\n            <\/span>\n            <\/span>\t\n\t<div class=\"sc_services_item_info\">\n\t\t\t\t<div class=\"sc_services_item_header\">\t\t\t<h6 class=\"sc_services_item_title entry-title\">Table football<\/h6><\/div><div class=\"sc_services_item_content\"><p>Play table football on a top-level, easy-to-use table designed by professionals.<\/p>\n<\/div><\/div>\n\t<\/div><\/div><div class=\"trx_addons_column-1_5 trx_addons_column-1_3-tablet trx_addons_column-1_1-mobile\"><div data-post-id=\"333\" class=\"sc_services_item sc_item_container post_container no_links with_content with_icon sc_services_item_featured_top post-333 cpt_services type-cpt_services status-publish has-post-thumbnail hentry cpt_services_group-all-services cpt_services_group-billares cpt_services_group-team\">\n\t<span id=\"sc_services_638562290_icon-billiard-new_5\"\n\t\t\t\t class=\"sc_services_item_icon sc_icon_type_icons icon-billiard-new\">\n            <span class=\"service_extra_subtitle\">\n            B\n            <\/span>\n            <\/span>\t\n\t<div class=\"sc_services_item_info\">\n\t\t\t\t<div class=\"sc_services_item_header\">\t\t\t<h6 class=\"sc_services_item_title entry-title\">Billiards<\/h6><\/div><div class=\"sc_services_item_content\"><p>Your friendly meeting place to enjoy playing billiards and relaxing with friends.<\/p>\n<\/div><\/div>\n\t<\/div><\/div><\/div><\/div>\t\t\t\t<\/div>\n\t\t\t\t<\/div>\n\t\t\t\t\t<\/div>\n\t\t<\/div>\n\t\t\t\t\t<\/div>\n\t\t<\/section>\n\t\t\t\t<section class=\"elementor-section elementor-top-section elementor-element elementor-element-5fe2b9aa elementor-section-boxed elementor-section-height-default elementor-section-height-default sc_fly_static\" data-id=\"5fe2b9aa\" data-element_type=\"section\" data-e-type=\"section\">\n\t\t\t\t\t\t<div class=\"elementor-container elementor-column-gap-extended\">\n\t\t\t\t\t<div class=\"elementor-column elementor-col-100 elementor-top-column elementor-element elementor-element-551feb5b sc_content_align_inherit sc_layouts_column_icons_position_left sc_fly_static\" data-id=\"551feb5b\" data-element_type=\"column\" data-e-type=\"column\">\n\t\t\t<div class=\"elementor-widget-wrap elementor-element-populated\">\n\t\t\t\t\t\t<div class=\"elementor-element elementor-element-3440af10 sc_height_large sc_fly_static elementor-widget elementor-widget-spacer\" data-id=\"3440af10\" data-element_type=\"widget\" data-e-type=\"widget\" data-widget_type=\"spacer.default\">\n\t\t\t\t<div class=\"elementor-widget-container\">\n\t\t\t\t\t\t\t<div class=\"elementor-spacer\">\n\t\t\t<div class=\"elementor-spacer-inner\"><\/div>\n\t\t<\/div>\n\t\t\t\t\t\t<\/div>\n\t\t\t\t<\/div>\n\t\t\t\t\t<\/div>\n\t\t<\/div>\n\t\t\t\t\t<\/div>\n\t\t<\/section>\n\t\t\t\t<section class=\"elementor-section elementor-top-section elementor-element elementor-element-75027c05 elementor-section-stretched elementor-section-full_width scheme_dark elementor-section-height-default elementor-section-height-default sc_fly_static\" data-id=\"75027c05\" data-element_type=\"section\" data-e-type=\"section\" data-settings=\"{&quot;stretch_section&quot;:&quot;section-stretched&quot;,&quot;background_background&quot;:&quot;classic&quot;}\">\n\t\t\t\t\t\t<div class=\"elementor-container elementor-column-gap-extended\">\n\t\t\t\t\t<div class=\"elementor-column elementor-col-50 elementor-top-column elementor-element elementor-element-4a450834 sc_content_align_inherit sc_layouts_column_icons_position_left sc_fly_static\" data-id=\"4a450834\" data-element_type=\"column\" data-e-type=\"column\" data-settings=\"{&quot;background_background&quot;:&quot;classic&quot;}\">\n\t\t\t<div class=\"elementor-widget-wrap elementor-element-populated\">\n\t\t\t\t\t\t<div class=\"elementor-element elementor-element-c52392a sc_fly_static elementor-widget elementor-widget-image\" data-id=\"c52392a\" data-element_type=\"widget\" data-e-type=\"widget\" data-widget_type=\"image.default\">\n\t\t\t\t<div class=\"elementor-widget-container\">\n\t\t\t\t\t\t\t\t\t\t\t\t\t\t\t<img fetchpriority=\"high\" decoding=\"async\" width=\"946\" height=\"621\" src=\"https:\/\/nagos.es\/wp-content\/uploads\/2020\/03\/img-new-2-copyright.png\" class=\"attachment-large size-large wp-image-2066\" alt=\"\" srcset=\"https:\/\/nagos.es\/wp-content\/uploads\/2020\/03\/img-new-2-copyright.png 946w, https:\/\/nagos.es\/wp-content\/uploads\/2020\/03\/img-new-2-copyright-600x394.png 600w, https:\/\/nagos.es\/wp-content\/uploads\/2020\/03\/img-new-2-copyright-300x197.png 300w, https:\/\/nagos.es\/wp-content\/uploads\/2020\/03\/img-new-2-copyright-768x504.png 768w, https:\/\/nagos.es\/wp-content\/uploads\/2020\/03\/img-new-2-copyright-200x131.png 200w, https:\/\/nagos.es\/wp-content\/uploads\/2020\/03\/img-new-2-copyright-370x243.png 370w, https:\/\/nagos.es\/wp-content\/uploads\/2020\/03\/img-new-2-copyright-760x499.png 760w\" sizes=\"(max-width: 946px) 100vw, 946px\" \/>\t\t\t\t\t\t\t\t\t\t\t\t\t\t\t<\/div>\n\t\t\t\t<\/div>\n\t\t\t\t\t<\/div>\n\t\t<\/div>\n\t\t\t\t<div class=\"elementor-column elementor-col-50 elementor-top-column elementor-element elementor-element-2d931e78 sc_content_align_inherit sc_layouts_column_icons_position_left sc_fly_static\" data-id=\"2d931e78\" data-element_type=\"column\" data-e-type=\"column\">\n\t\t\t<div class=\"elementor-widget-wrap elementor-element-populated\">\n\t\t\t\t\t\t<div class=\"elementor-element elementor-element-563eb593 sc_fly_static elementor-widget elementor-widget-trx_sc_title\" data-id=\"563eb593\" data-element_type=\"widget\" data-e-type=\"widget\" data-widget_type=\"trx_sc_title.default\">\n\t\t\t\t<div class=\"elementor-widget-container\">\n\t\t\t\t\t<div\t\tclass=\"sc_title sc_title_icon\"><h1 class=\"sc_item_title sc_title_title sc_align_left sc_item_title_style_icon sc_item_title_tag\"\n\t\t\t><span class=\"sc_item_title_text\">Much more than cups<\/span><\/h1><div class=\"sc_item_descr sc_title_descr sc_align_left\"><p>At Pub Nagos we believe in good music, well-served drinks and an atmosphere that makes you want to stay.<br \/>\nDiscover who we are and why every night here is different.<\/p>\n<\/div><\/div>\t\t\t\t<\/div>\n\t\t\t\t<\/div>\n\t\t\t\t<div class=\"elementor-element elementor-element-78ec711 sc_fly_static elementor-widget elementor-widget-trx_sc_button\" data-id=\"78ec711\" data-element_type=\"widget\" data-e-type=\"widget\" data-widget_type=\"trx_sc_button.default\">\n\t\t\t\t<div class=\"elementor-widget-container\">\n\t\t\t\t\t<div\tclass=\"sc_item_button sc_button_wrap\"><a href=\"https:\/\/nagos.es\/en\/quienes-somos\/\" class=\"sc_button sc_button_default sc_button_size_small sc_button_icon_left\"><span class=\"sc_button_text\"><span class=\"sc_button_title\">Get to know us<\/span><\/span><\/a><\/div>\t\t\t\t<\/div>\n\t\t\t\t<\/div>\n\t\t\t\t\t<\/div>\n\t\t<\/div>\n\t\t\t\t\t<\/div>\n\t\t<\/section>\n\t\t\t\t<section class=\"sc_parallax sc_parallax_blocks elementor-section elementor-top-section elementor-element elementor-element-98b3c6e elementor-section-stretched scheme_dark elementor-section-boxed elementor-section-height-default elementor-section-height-default sc_fly_static\" data-parallax-blocks=\"[{&quot;type&quot;:&quot;scroll&quot;,&quot;image&quot;:{&quot;url&quot;:&quot;&quot;,&quot;id&quot;:&quot;&quot;,&quot;size&quot;:&quot;&quot;},&quot;left&quot;:{&quot;unit&quot;:&quot;px&quot;,&quot;size&quot;:50,&quot;sizes&quot;:[]},&quot;top&quot;:{&quot;unit&quot;:&quot;px&quot;,&quot;size&quot;:48,&quot;sizes&quot;:[]},&quot;speed&quot;:{&quot;unit&quot;:&quot;px&quot;,&quot;size&quot;:25,&quot;sizes&quot;:[]},&quot;z_index&quot;:{&quot;unit&quot;:&quot;px&quot;,&quot;size&quot;:&quot;&quot;,&quot;sizes&quot;:[]},&quot;motion_time&quot;:{&quot;unit&quot;:&quot;px&quot;,&quot;size&quot;:5,&quot;sizes&quot;:[]},&quot;_id&quot;:&quot;e9460e8&quot;,&quot;mouse_handler&quot;:&quot;row&quot;,&quot;animation_prop&quot;:&quot;background&quot;,&quot;bg_size&quot;:&quot;cover&quot;,&quot;class&quot;:&quot;&quot;,&quot;motion_dir&quot;:&quot;round&quot;,&quot;mouse_tilt_amount&quot;:{&quot;unit&quot;:&quot;px&quot;,&quot;size&quot;:70,&quot;sizes&quot;:[]}}]\" data-id=\"98b3c6e\" data-element_type=\"section\" data-e-type=\"section\" data-settings=\"{&quot;stretch_section&quot;:&quot;section-stretched&quot;,&quot;background_background&quot;:&quot;classic&quot;}\">\n\t\t\t\t\t\t<div class=\"elementor-container elementor-column-gap-extended\">\n\t\t\t\t\t<div class=\"elementor-column elementor-col-100 elementor-top-column elementor-element elementor-element-91965ff sc_content_align_inherit sc_layouts_column_icons_position_left sc_fly_static\" data-id=\"91965ff\" data-element_type=\"column\" data-e-type=\"column\">\n\t\t\t<div class=\"elementor-widget-wrap elementor-element-populated\">\n\t\t\t\t\t\t<div class=\"elementor-element elementor-element-c11c406 sc_fly_static elementor-widget elementor-widget-spacer\" data-id=\"c11c406\" data-element_type=\"widget\" data-e-type=\"widget\" data-widget_type=\"spacer.default\">\n\t\t\t\t<div class=\"elementor-widget-container\">\n\t\t\t\t\t\t\t<div class=\"elementor-spacer\">\n\t\t\t<div class=\"elementor-spacer-inner\"><\/div>\n\t\t<\/div>\n\t\t\t\t\t\t<\/div>\n\t\t\t\t<\/div>\n\t\t\t\t<div class=\"elementor-element elementor-element-b913b4f sc_fly_static elementor-widget elementor-widget-trx_sc_title\" data-id=\"b913b4f\" data-element_type=\"widget\" data-e-type=\"widget\" data-widget_type=\"trx_sc_title.default\">\n\t\t\t\t<div class=\"elementor-widget-container\">\n\t\t\t\t\t<div\t\tclass=\"sc_title sc_title_default\"><h3 class=\"sc_item_title sc_title_title sc_align_center sc_item_title_style_default sc_item_title_tag\"\n\t\t\t><span class=\"sc_item_title_text\">\"&quot;A pub isn&#039;t a place to drink, it&#039;s a place to be. Drinks are just the excuse for conversation.&quot;\"<\/span><\/h3><\/div>\t\t\t\t<\/div>\n\t\t\t\t<\/div>\n\t\t\t\t<div class=\"elementor-element elementor-element-fa22abf sc_fly_static elementor-widget elementor-widget-spacer\" data-id=\"fa22abf\" data-element_type=\"widget\" data-e-type=\"widget\" data-widget_type=\"spacer.default\">\n\t\t\t\t<div class=\"elementor-widget-container\">\n\t\t\t\t\t\t\t<div class=\"elementor-spacer\">\n\t\t\t<div class=\"elementor-spacer-inner\"><\/div>\n\t\t<\/div>\n\t\t\t\t\t\t<\/div>\n\t\t\t\t<\/div>\n\t\t\t\t\t<\/div>\n\t\t<\/div>\n\t\t\t\t\t<\/div>\n\t\t<\/section>\n\t\t\t\t<section class=\"elementor-section elementor-top-section elementor-element elementor-element-d89edbf elementor-section-full_width elementor-section-height-default elementor-section-height-default sc_fly_static\" data-id=\"d89edbf\" data-element_type=\"section\" data-e-type=\"section\">\n\t\t\t\t\t\t<div class=\"elementor-container elementor-column-gap-default\">\n\t\t\t\t\t<div class=\"elementor-column elementor-col-100 elementor-top-column elementor-element elementor-element-cfb2c0c sc_content_align_inherit sc_layouts_column_icons_position_left sc_fly_static\" data-id=\"cfb2c0c\" data-element_type=\"column\" data-e-type=\"column\">\n\t\t\t<div class=\"elementor-widget-wrap elementor-element-populated\">\n\t\t\t\t\t\t<div class=\"elementor-element elementor-element-d69dbd6 sc_fly_static elementor-widget elementor-widget-image\" data-id=\"d69dbd6\" data-element_type=\"widget\" data-e-type=\"widget\" data-widget_type=\"image.default\">\n\t\t\t\t<div class=\"elementor-widget-container\">\n\t\t\t\t\t\t\t\t\t\t\t\t\t\t\t<img loading=\"lazy\" decoding=\"async\" width=\"1024\" height=\"118\" src=\"https:\/\/nagos.es\/wp-content\/uploads\/2026\/02\/logotipos-kitDigital-1024x118.gif\" class=\"attachment-large size-large wp-image-3436\" alt=\"logos Kit Digital\" srcset=\"https:\/\/nagos.es\/wp-content\/uploads\/2026\/02\/logotipos-kitDigital-1024x118.gif 1024w, https:\/\/nagos.es\/wp-content\/uploads\/2026\/02\/logotipos-kitDigital-300x34.gif 300w, https:\/\/nagos.es\/wp-content\/uploads\/2026\/02\/logotipos-kitDigital-768x88.gif 768w, https:\/\/nagos.es\/wp-content\/uploads\/2026\/02\/logotipos-kitDigital-18x2.gif 18w, https:\/\/nagos.es\/wp-content\/uploads\/2026\/02\/logotipos-kitDigital-370x42.gif 370w, https:\/\/nagos.es\/wp-content\/uploads\/2026\/02\/logotipos-kitDigital-760x87.gif 760w\" sizes=\"(max-width: 1024px) 100vw, 1024px\" \/>\t\t\t\t\t\t\t\t\t\t\t\t\t\t\t<\/div>\n\t\t\t\t<\/div>\n\t\t\t\t\t<\/div>\n\t\t<\/div>\n\t\t\t\t\t<\/div>\n\t\t<\/section>\n\t\t\t\t<\/div>","protected":false},"excerpt":{"rendered":"<p>EL SABOR DE LA NOCHE EN EL CORAZ\u00d3N DE CIEZA Aqu\u00ed se mezclan buena m\u00fasica, copas bien servidas y ganas de pasarlo bien. Un espacio para desconectar, compartir y dejar que la noche fluya. Porque las mejores historias siempre empiezan alrededor de una copa. Dev Deportes en vivo Disfrute viendo eventos deportivos en vivo en&hellip;<\/p>","protected":false},"author":1,"featured_media":0,"parent":0,"menu_order":0,"comment_status":"closed","ping_status":"closed","template":"","meta":{"footnotes":""},"class_list":["post-60","page","type-page","status-publish","hentry"],"_links":{"self":[{"href":"https:\/\/nagos.es\/en\/wp-json\/wp\/v2\/pages\/60","targetHints":{"allow":["GET"]}}],"collection":[{"href":"https:\/\/nagos.es\/en\/wp-json\/wp\/v2\/pages"}],"about":[{"href":"https:\/\/nagos.es\/en\/wp-json\/wp\/v2\/types\/page"}],"author":[{"embeddable":true,"href":"https:\/\/nagos.es\/en\/wp-json\/wp\/v2\/users\/1"}],"replies":[{"embeddable":true,"href":"https:\/\/nagos.es\/en\/wp-json\/wp\/v2\/comments?post=60"}],"version-history":[{"count":31,"href":"https:\/\/nagos.es\/en\/wp-json\/wp\/v2\/pages\/60\/revisions"}],"predecessor-version":[{"id":3442,"href":"https:\/\/nagos.es\/en\/wp-json\/wp\/v2\/pages\/60\/revisions\/3442"}],"wp:attachment":[{"href":"https:\/\/nagos.es\/en\/wp-json\/wp\/v2\/media?parent=60"}],"curies":[{"name":"wp","href":"https:\/\/api.w.org\/{rel}","templated":true}]}}