{"id":68,"date":"2019-07-04T08:23:35","date_gmt":"2019-07-04T08:23:35","guid":{"rendered":"https:\/\/nagos.es\/?page_id=68"},"modified":"2026-02-02T15:53:37","modified_gmt":"2026-02-02T15:53:37","slug":"quienes-somos","status":"publish","type":"page","link":"https:\/\/nagos.es\/en\/quienes-somos\/","title":{"rendered":"Who we are"},"content":{"rendered":"<div data-elementor-type=\"wp-post\" data-elementor-id=\"68\" class=\"elementor elementor-68\" data-elementor-post-type=\"page\">\n\t\t\t\t\t\t<section class=\"elementor-section elementor-top-section elementor-element elementor-element-31333f7 elementor-section-boxed elementor-section-height-default elementor-section-height-default sc_fly_static\" data-id=\"31333f7\" data-element_type=\"section\" data-e-type=\"section\">\n\t\t\t\t\t\t<div class=\"elementor-container elementor-column-gap-extended\">\n\t\t\t\t\t<div class=\"elementor-column elementor-col-100 elementor-top-column elementor-element elementor-element-8799834 sc_content_align_inherit sc_layouts_column_icons_position_left sc_fly_static\" data-id=\"8799834\" data-element_type=\"column\" data-e-type=\"column\">\n\t\t\t<div class=\"elementor-widget-wrap elementor-element-populated\">\n\t\t\t\t\t\t<div class=\"elementor-element elementor-element-c8bfa2f sc_height_large sc_fly_static elementor-widget elementor-widget-spacer\" data-id=\"c8bfa2f\" data-element_type=\"widget\" data-e-type=\"widget\" data-widget_type=\"spacer.default\">\n\t\t\t\t<div class=\"elementor-widget-container\">\n\t\t\t\t\t\t\t<div class=\"elementor-spacer\">\n\t\t\t<div class=\"elementor-spacer-inner\"><\/div>\n\t\t<\/div>\n\t\t\t\t\t\t<\/div>\n\t\t\t\t<\/div>\n\t\t\t\t\t<\/div>\n\t\t<\/div>\n\t\t\t\t\t<\/div>\n\t\t<\/section>\n\t\t\t\t<section class=\"sc_parallax sc_parallax_blocks elementor-section elementor-top-section elementor-element elementor-element-417caff elementor-section-boxed elementor-section-height-default elementor-section-height-default sc_fly_static\" data-parallax-blocks=\"[{&quot;animation_prop&quot;:&quot;transform3d&quot;,&quot;image&quot;:{&quot;url&quot;:&quot;https:\\\/\\\/nagos.es\\\/wp-content\\\/uploads\\\/2020\\\/02\\\/the-bestbeer.png&quot;,&quot;id&quot;:1690,&quot;size&quot;:&quot;&quot;},&quot;bg_size&quot;:&quot;auto&quot;,&quot;left&quot;:{&quot;unit&quot;:&quot;px&quot;,&quot;size&quot;:38,&quot;sizes&quot;:[]},&quot;top&quot;:{&quot;unit&quot;:&quot;px&quot;,&quot;size&quot;:35,&quot;sizes&quot;:[]},&quot;speed&quot;:{&quot;unit&quot;:&quot;px&quot;,&quot;size&quot;:3,&quot;sizes&quot;:[]},&quot;z_index&quot;:{&quot;unit&quot;:&quot;px&quot;,&quot;size&quot;:&quot;&quot;,&quot;sizes&quot;:[]},&quot;motion_time&quot;:{&quot;unit&quot;:&quot;px&quot;,&quot;size&quot;:5,&quot;sizes&quot;:[]},&quot;class&quot;:&quot;disable_parallax&quot;,&quot;_id&quot;:&quot;5d8ec9d&quot;,&quot;type&quot;:&quot;none&quot;,&quot;mouse_handler&quot;:&quot;row&quot;,&quot;motion_dir&quot;:&quot;round&quot;,&quot;mouse_tilt_amount&quot;:{&quot;unit&quot;:&quot;px&quot;,&quot;size&quot;:70,&quot;sizes&quot;:[]}}]\" data-id=\"417caff\" data-element_type=\"section\" data-e-type=\"section\">\n\t\t\t\t\t\t<div class=\"elementor-container elementor-column-gap-extended\">\n\t\t\t\t\t<div class=\"elementor-column elementor-col-33 elementor-top-column elementor-element elementor-element-be6d079 sc_content_align_inherit sc_layouts_column_icons_position_left sc_fly_static\" data-id=\"be6d079\" data-element_type=\"column\" data-e-type=\"column\">\n\t\t\t<div class=\"elementor-widget-wrap elementor-element-populated\">\n\t\t\t\t\t\t<div class=\"elementor-element elementor-element-a36d067 sc_fly_static elementor-widget elementor-widget-trx_sc_title\" data-id=\"a36d067\" data-element_type=\"widget\" data-e-type=\"widget\" data-widget_type=\"trx_sc_title.default\">\n\t\t\t\t<div class=\"elementor-widget-container\">\n\t\t\t\t\t<div\t\tclass=\"sc_title sc_title_icon\"><h1 class=\"sc_item_title sc_title_title sc_item_title_style_icon sc_item_title_tag\"\n\t\t\t><span class=\"sc_item_title_text\">PUB NAGOS<\/span><\/h1><div class=\"sc_item_descr sc_title_descr\"><p>At Pub Nagos, we&#039;re the place you come to without a second thought when you want to unwind, have a laugh, and enjoy a great night out in Cieza. A pub with its own unique personality, designed for sharing moments, music, and drinks in a friendly and authentic atmosphere.<\/p>\n<p>We like to do things right: good music, a carefully curated selection of drinks, and a space where you feel comfortable from the moment you walk in the door. Here, long conversations, spontaneous laughter, and nights that stretch on longer than expected all come together.<\/p>\n<p>Pub Nagos is a meeting point, a spontaneous plan that ends up being memorable, that place where something&#039;s always happening. Whether you come for a quiet drink or to experience the night to the fullest, this is your place.<\/p>\n<\/div><\/div>\t\t\t\t<\/div>\n\t\t\t\t<\/div>\n\t\t\t\t<div class=\"elementor-element elementor-element-18a683c sc_fly_static elementor-widget elementor-widget-spacer\" data-id=\"18a683c\" data-element_type=\"widget\" data-e-type=\"widget\" data-widget_type=\"spacer.default\">\n\t\t\t\t<div class=\"elementor-widget-container\">\n\t\t\t\t\t\t\t<div class=\"elementor-spacer\">\n\t\t\t<div class=\"elementor-spacer-inner\"><\/div>\n\t\t<\/div>\n\t\t\t\t\t\t<\/div>\n\t\t\t\t<\/div>\n\t\t\t\t\t<\/div>\n\t\t<\/div>\n\t\t\t\t<div class=\"elementor-column elementor-col-33 elementor-top-column elementor-element elementor-element-0075476 sc_content_align_inherit sc_layouts_column_icons_position_left sc_fly_static\" data-id=\"0075476\" data-element_type=\"column\" data-e-type=\"column\">\n\t\t\t<div class=\"elementor-widget-wrap elementor-element-populated\">\n\t\t\t\t\t\t<div class=\"elementor-element elementor-element-a9935a1 sc_fly_static elementor-widget elementor-widget-image\" data-id=\"a9935a1\" data-element_type=\"widget\" data-e-type=\"widget\" data-widget_type=\"image.default\">\n\t\t\t\t<div class=\"elementor-widget-container\">\n\t\t\t\t\t\t\t\t\t\t\t\t\t\t\t<img decoding=\"async\" src=\"https:\/\/nagos.es\/wp-content\/uploads\/elementor\/thumbs\/image-72-copyright-ridmzeuq78c46i8kmkuaogpcs1sxo07mi8aet7kiym.jpg\" title=\"image-72-copyright\" alt=\"image-72-copyright\" loading=\"lazy\" \/>\t\t\t\t\t\t\t\t\t\t\t\t\t\t\t<\/div>\n\t\t\t\t<\/div>\n\t\t\t\t\t<\/div>\n\t\t<\/div>\n\t\t\t\t<div class=\"elementor-column elementor-col-33 elementor-top-column elementor-element elementor-element-da5069b sc_content_align_inherit sc_layouts_column_icons_position_left sc_fly_static\" data-id=\"da5069b\" data-element_type=\"column\" data-e-type=\"column\">\n\t\t\t<div class=\"elementor-widget-wrap elementor-element-populated\">\n\t\t\t\t\t\t<div class=\"elementor-element elementor-element-69697c5 sc_fly_static elementor-widget elementor-widget-spacer\" data-id=\"69697c5\" data-element_type=\"widget\" data-e-type=\"widget\" data-widget_type=\"spacer.default\">\n\t\t\t\t<div class=\"elementor-widget-container\">\n\t\t\t\t\t\t\t<div class=\"elementor-spacer\">\n\t\t\t<div class=\"elementor-spacer-inner\"><\/div>\n\t\t<\/div>\n\t\t\t\t\t\t<\/div>\n\t\t\t\t<\/div>\n\t\t\t\t<div class=\"elementor-element elementor-element-6e360c4 sc_fly_static elementor-widget elementor-widget-image\" data-id=\"6e360c4\" data-element_type=\"widget\" data-e-type=\"widget\" data-widget_type=\"image.default\">\n\t\t\t\t<div class=\"elementor-widget-container\">\n\t\t\t\t\t\t\t\t\t\t\t\t\t\t\t<img decoding=\"async\" src=\"https:\/\/nagos.es\/wp-content\/uploads\/elementor\/thumbs\/image-13-copyright-ridmzfske2dei477h38x8ygtdfoavpbcucxwahj4se.jpg\" title=\"image-13-copyright\" alt=\"image-13-copyright\" loading=\"lazy\" \/>\t\t\t\t\t\t\t\t\t\t\t\t\t\t\t<\/div>\n\t\t\t\t<\/div>\n\t\t\t\t\t<\/div>\n\t\t<\/div>\n\t\t\t\t\t<\/div>\n\t\t<\/section>\n\t\t\t\t<section class=\"elementor-section elementor-top-section elementor-element elementor-element-cdd20f0 elementor-section-boxed elementor-section-height-default elementor-section-height-default sc_fly_static\" data-id=\"cdd20f0\" data-element_type=\"section\" data-e-type=\"section\">\n\t\t\t\t\t\t<div class=\"elementor-container elementor-column-gap-extended\">\n\t\t\t\t\t<div class=\"elementor-column elementor-col-100 elementor-top-column elementor-element elementor-element-906efd2 sc_content_align_inherit sc_layouts_column_icons_position_left sc_fly_static\" data-id=\"906efd2\" data-element_type=\"column\" data-e-type=\"column\">\n\t\t\t<div class=\"elementor-widget-wrap elementor-element-populated\">\n\t\t\t\t\t\t<div class=\"elementor-element elementor-element-0857dab sc_height_large sc_fly_static elementor-widget elementor-widget-spacer\" data-id=\"0857dab\" data-element_type=\"widget\" data-e-type=\"widget\" data-widget_type=\"spacer.default\">\n\t\t\t\t<div class=\"elementor-widget-container\">\n\t\t\t\t\t\t\t<div class=\"elementor-spacer\">\n\t\t\t<div class=\"elementor-spacer-inner\"><\/div>\n\t\t<\/div>\n\t\t\t\t\t\t<\/div>\n\t\t\t\t<\/div>\n\t\t\t\t\t<\/div>\n\t\t<\/div>\n\t\t\t\t\t<\/div>\n\t\t<\/section>\n\t\t\t\t<section class=\"sc_parallax sc_parallax_blocks elementor-section elementor-top-section elementor-element elementor-element-0092088 elementor-section-stretched scheme_dark elementor-section-boxed elementor-section-height-default elementor-section-height-default sc_fly_static\" data-parallax-blocks=\"[{&quot;type&quot;:&quot;scroll&quot;,&quot;image&quot;:{&quot;url&quot;:&quot;&quot;,&quot;id&quot;:&quot;&quot;,&quot;size&quot;:&quot;&quot;},&quot;left&quot;:{&quot;unit&quot;:&quot;px&quot;,&quot;size&quot;:50,&quot;sizes&quot;:[]},&quot;top&quot;:{&quot;unit&quot;:&quot;px&quot;,&quot;size&quot;:48,&quot;sizes&quot;:[]},&quot;speed&quot;:{&quot;unit&quot;:&quot;px&quot;,&quot;size&quot;:25,&quot;sizes&quot;:[]},&quot;z_index&quot;:{&quot;unit&quot;:&quot;px&quot;,&quot;size&quot;:&quot;&quot;,&quot;sizes&quot;:[]},&quot;motion_time&quot;:{&quot;unit&quot;:&quot;px&quot;,&quot;size&quot;:5,&quot;sizes&quot;:[]},&quot;_id&quot;:&quot;e9460e8&quot;,&quot;mouse_handler&quot;:&quot;row&quot;,&quot;animation_prop&quot;:&quot;background&quot;,&quot;bg_size&quot;:&quot;cover&quot;,&quot;class&quot;:&quot;&quot;,&quot;motion_dir&quot;:&quot;round&quot;,&quot;mouse_tilt_amount&quot;:{&quot;unit&quot;:&quot;px&quot;,&quot;size&quot;:70,&quot;sizes&quot;:[]}}]\" data-id=\"0092088\" data-element_type=\"section\" data-e-type=\"section\" data-settings=\"{&quot;stretch_section&quot;:&quot;section-stretched&quot;,&quot;background_background&quot;:&quot;classic&quot;}\">\n\t\t\t\t\t\t<div class=\"elementor-container elementor-column-gap-extended\">\n\t\t\t\t\t<div class=\"elementor-column elementor-col-100 elementor-top-column elementor-element elementor-element-eecc530 sc_content_align_inherit sc_layouts_column_icons_position_left sc_fly_static\" data-id=\"eecc530\" data-element_type=\"column\" data-e-type=\"column\">\n\t\t\t<div class=\"elementor-widget-wrap elementor-element-populated\">\n\t\t\t\t\t\t<div class=\"elementor-element elementor-element-a3e2536 sc_fly_static elementor-widget elementor-widget-spacer\" data-id=\"a3e2536\" data-element_type=\"widget\" data-e-type=\"widget\" data-widget_type=\"spacer.default\">\n\t\t\t\t<div class=\"elementor-widget-container\">\n\t\t\t\t\t\t\t<div class=\"elementor-spacer\">\n\t\t\t<div class=\"elementor-spacer-inner\"><\/div>\n\t\t<\/div>\n\t\t\t\t\t\t<\/div>\n\t\t\t\t<\/div>\n\t\t\t\t<div class=\"elementor-element elementor-element-7b0c8c7 sc_fly_static elementor-widget elementor-widget-trx_sc_title\" data-id=\"7b0c8c7\" data-element_type=\"widget\" data-e-type=\"widget\" data-widget_type=\"trx_sc_title.default\">\n\t\t\t\t<div class=\"elementor-widget-container\">\n\t\t\t\t\t<div\t\tclass=\"sc_title sc_title_default\"><h3 class=\"sc_item_title sc_title_title sc_align_center sc_item_title_style_default sc_item_title_tag\"\n\t\t\t><span class=\"sc_item_title_text\">\"&quot;A pub isn&#039;t a place to drink, it&#039;s a place to be. Drinks are just the excuse for conversation.&quot;\"<\/span><\/h3><\/div>\t\t\t\t<\/div>\n\t\t\t\t<\/div>\n\t\t\t\t<div class=\"elementor-element elementor-element-09043fa sc_fly_static elementor-widget elementor-widget-spacer\" data-id=\"09043fa\" data-element_type=\"widget\" data-e-type=\"widget\" data-widget_type=\"spacer.default\">\n\t\t\t\t<div class=\"elementor-widget-container\">\n\t\t\t\t\t\t\t<div class=\"elementor-spacer\">\n\t\t\t<div class=\"elementor-spacer-inner\"><\/div>\n\t\t<\/div>\n\t\t\t\t\t\t<\/div>\n\t\t\t\t<\/div>\n\t\t\t\t\t<\/div>\n\t\t<\/div>\n\t\t\t\t\t<\/div>\n\t\t<\/section>\n\t\t\t\t<\/div>","protected":false},"excerpt":{"rendered":"<p>PUB NAGOS En Pub Nagos somos ese sitio al que vienes sin pensarlo dos veces cuando te apetece desconectar, re\u00edrte y disfrutar de una buena noche en Cieza. Un pub con personalidad propia, pensado para compartir momentos, m\u00fasica y copas en un ambiente cercano y aut\u00e9ntico. Nos gusta hacer las cosas bien: buena m\u00fasica, una&hellip;<\/p>","protected":false},"author":1,"featured_media":0,"parent":0,"menu_order":0,"comment_status":"closed","ping_status":"closed","template":"","meta":{"footnotes":""},"class_list":["post-68","page","type-page","status-publish","hentry"],"_links":{"self":[{"href":"https:\/\/nagos.es\/en\/wp-json\/wp\/v2\/pages\/68","targetHints":{"allow":["GET"]}}],"collection":[{"href":"https:\/\/nagos.es\/en\/wp-json\/wp\/v2\/pages"}],"about":[{"href":"https:\/\/nagos.es\/en\/wp-json\/wp\/v2\/types\/page"}],"author":[{"embeddable":true,"href":"https:\/\/nagos.es\/en\/wp-json\/wp\/v2\/users\/1"}],"replies":[{"embeddable":true,"href":"https:\/\/nagos.es\/en\/wp-json\/wp\/v2\/comments?post=68"}],"version-history":[{"count":13,"href":"https:\/\/nagos.es\/en\/wp-json\/wp\/v2\/pages\/68\/revisions"}],"predecessor-version":[{"id":3386,"href":"https:\/\/nagos.es\/en\/wp-json\/wp\/v2\/pages\/68\/revisions\/3386"}],"wp:attachment":[{"href":"https:\/\/nagos.es\/en\/wp-json\/wp\/v2\/media?parent=68"}],"curies":[{"name":"wp","href":"https:\/\/api.w.org\/{rel}","templated":true}]}}